{"id":10262,"date":"2018-02-14T12:11:33","date_gmt":"2018-02-14T11:11:33","guid":{"rendered":"http:\/\/www.mancomunidaddetentudia.com\/portal\/?page_id=10262"},"modified":"2018-02-14T12:43:00","modified_gmt":"2018-02-14T11:43:00","slug":"documentacion-y-formularios","status":"publish","type":"page","link":"https:\/\/www.mancomunidaddetentudia.com\/portal\/documentacion-y-formularios\/","title":{"rendered":"Documentaci\u00f3n y Formularios"},"content":{"rendered":"<ul>\n<li>DOCUMENTACI\u00d3N EXIGIBLE PARA LA TRAMITACI\u00d3N DE LA CALIFICACI\u00d3N URBAN\u00cdSTICA EN LA CONSTRUCCI\u00d3N DE EDIFICACIONES O INSTALACIONES DE USO INDUSTRIAL\/TERCIARIO (EN SUELO NO URBANIZABLE): \u00a0 \u00a0 \u00a0 \u00a0 \u00a0 \u00a0 \u00a0 \u00a0 \u00a0 \u00a0 \u00a0 \u00a0 \u00a0 \u00a0 \u00a0 \u00a0 \u00a0 \u00a0 \u00a0 \u00a0 \u00a0 \u00a0\u00a0 <a href=\"http:\/\/www.mancomunidaddetentudia.com\/portal\/wp-content\/uploads\/2018\/02\/Doc.-necesaria-Calificaci\u00f3n-Urban\u00edstica-Industrias.pdf\" target=\"_blank\" rel=\"noopener\">Documentaci\u00f3n necesaria Calificaci\u00f3n Urban\u00edstica -Industrias<\/a><\/li>\n<li>DOCUMENTACI\u00d3N EXIGIBLE PARA LA TRAMITACI\u00d3N DE LA CALIFICACI\u00d3N URBAN\u00cdSTICA EN LA CONSTRUCCI\u00d3N DE VIVIENDA UNIFAMILIAR (EN SUELO NO URBANIZABLE): \u00a0 \u00a0 \u00a0 <a href=\"http:\/\/www.mancomunidaddetentudia.com\/portal\/wp-content\/uploads\/2018\/02\/Doc.-necesaria-Calificaci\u00f3n-Urban\u00edstica-Viv.-Unifamiliar.pdf\" target=\"_blank\" rel=\"noopener\">Documentaci\u00f3n necesaria Calificaci\u00f3n Urban\u00edstica -Viv. Unifamiliar<\/a><\/li>\n<\/ul>\n","protected":false},"excerpt":{"rendered":"<p>DOCUMENTACI\u00d3N EXIGIBLE PARA LA TRAMITACI\u00d3N DE LA CALIFICACI\u00d3N URBAN\u00cdSTICA EN LA CONSTRUCCI\u00d3N DE EDIFICACIONES O INSTALACIONES DE USO INDUSTRIAL\/TERCIARIO (EN SUELO NO URBANIZABLE): \u00a0 \u00a0 \u00a0 \u00a0 \u00a0 \u00a0 \u00a0 \u00a0 \u00a0 \u00a0 \u00a0 \u00a0 \u00a0 \u00a0 \u00a0 \u00a0 \u00a0 \u00a0 \u00a0 \u00a0 \u00a0 \u00a0\u00a0 Documentaci\u00f3n necesaria Calificaci\u00f3n Urban\u00edstica -Industrias DOCUMENTACI\u00d3N EXIGIBLE PARA LA TRAMITACI\u00d3N [&hellip;]<\/p>\n","protected":false},"author":1,"featured_media":0,"parent":0,"menu_order":0,"comment_status":"closed","ping_status":"closed","template":"","meta":{"footnotes":""},"class_list":["post-10262","page","type-page","status-publish"],"_links":{"self":[{"href":"https:\/\/www.mancomunidaddetentudia.com\/portal\/wp-json\/wp\/v2\/pages\/10262","targetHints":{"allow":["GET"]}}],"collection":[{"href":"https:\/\/www.mancomunidaddetentudia.com\/portal\/wp-json\/wp\/v2\/pages"}],"about":[{"href":"https:\/\/www.mancomunidaddetentudia.com\/portal\/wp-json\/wp\/v2\/types\/page"}],"author":[{"embeddable":true,"href":"https:\/\/www.mancomunidaddetentudia.com\/portal\/wp-json\/wp\/v2\/users\/1"}],"replies":[{"embeddable":true,"href":"https:\/\/www.mancomunidaddetentudia.com\/portal\/wp-json\/wp\/v2\/comments?post=10262"}],"version-history":[{"count":4,"href":"https:\/\/www.mancomunidaddetentudia.com\/portal\/wp-json\/wp\/v2\/pages\/10262\/revisions"}],"predecessor-version":[{"id":10270,"href":"https:\/\/www.mancomunidaddetentudia.com\/portal\/wp-json\/wp\/v2\/pages\/10262\/revisions\/10270"}],"wp:attachment":[{"href":"https:\/\/www.mancomunidaddetentudia.com\/portal\/wp-json\/wp\/v2\/media?parent=10262"}],"curies":[{"name":"wp","href":"https:\/\/api.w.org\/{rel}","templated":true}]}}