{"id":11330,"date":"2020-07-13T08:49:11","date_gmt":"2020-07-13T07:49:11","guid":{"rendered":"http:\/\/www.mancomunidaddetentudia.com\/portal\/?page_id=11330"},"modified":"2023-09-14T11:08:12","modified_gmt":"2023-09-14T10:08:12","slug":"que-trabajamos","status":"publish","type":"page","link":"https:\/\/www.mancomunidaddetentudia.com\/portal\/que-trabajamos\/","title":{"rendered":"\u00bfQu\u00e9 trabajamos?"},"content":{"rendered":"\n<ul class=\"wp-block-list\"><li>Prevenci\u00f3n del riesgo<\/li><li>Modificaci\u00f3n de conductas<\/li><li>Comunicaci\u00f3n y Relaciones familiares<\/li><li>Organizaci\u00f3n y Econom\u00eda del hogar<\/li><li>Estilos educativos<\/li><li>Resoluci\u00f3n positiva de conflictos<\/li><li>Absentismo escolar<\/li><li>Violencia intrafamiliar<\/li><li>Acceso a recursos e Integraci\u00f3n social<\/li><\/ul>\n\n\n\n<figure class=\"wp-block-image size-large\"><img loading=\"lazy\" decoding=\"async\" width=\"500\" height=\"500\" src=\"https:\/\/www.mancomunidaddetentudia.com\/portal\/wp-content\/uploads\/2023\/09\/309204810_194607706271236_6750099128370164091_n.png\" alt=\"\" class=\"wp-image-12524\" srcset=\"https:\/\/www.mancomunidaddetentudia.com\/portal\/wp-content\/uploads\/2023\/09\/309204810_194607706271236_6750099128370164091_n.png 500w, https:\/\/www.mancomunidaddetentudia.com\/portal\/wp-content\/uploads\/2023\/09\/309204810_194607706271236_6750099128370164091_n-300x300.png 300w, https:\/\/www.mancomunidaddetentudia.com\/portal\/wp-content\/uploads\/2023\/09\/309204810_194607706271236_6750099128370164091_n-150x150.png 150w, https:\/\/www.mancomunidaddetentudia.com\/portal\/wp-content\/uploads\/2023\/09\/309204810_194607706271236_6750099128370164091_n-420x420.png 420w, https:\/\/www.mancomunidaddetentudia.com\/portal\/wp-content\/uploads\/2023\/09\/309204810_194607706271236_6750099128370164091_n-180x180.png 180w\" sizes=\"auto, (max-width: 500px) 100vw, 500px\" \/><\/figure>\n","protected":false},"excerpt":{"rendered":"<p>Prevenci\u00f3n del riesgo Modificaci\u00f3n de conductas Comunicaci\u00f3n y Relaciones familiares Organizaci\u00f3n y Econom\u00eda del hogar Estilos educativos Resoluci\u00f3n positiva de conflictos Absentismo escolar Violencia intrafamiliar Acceso a recursos e Integraci\u00f3n social<\/p>\n","protected":false},"author":23,"featured_media":0,"parent":0,"menu_order":0,"comment_status":"closed","ping_status":"closed","template":"","meta":{"footnotes":""},"class_list":["post-11330","page","type-page","status-publish"],"_links":{"self":[{"href":"https:\/\/www.mancomunidaddetentudia.com\/portal\/wp-json\/wp\/v2\/pages\/11330","targetHints":{"allow":["GET"]}}],"collection":[{"href":"https:\/\/www.mancomunidaddetentudia.com\/portal\/wp-json\/wp\/v2\/pages"}],"about":[{"href":"https:\/\/www.mancomunidaddetentudia.com\/portal\/wp-json\/wp\/v2\/types\/page"}],"author":[{"embeddable":true,"href":"https:\/\/www.mancomunidaddetentudia.com\/portal\/wp-json\/wp\/v2\/users\/23"}],"replies":[{"embeddable":true,"href":"https:\/\/www.mancomunidaddetentudia.com\/portal\/wp-json\/wp\/v2\/comments?post=11330"}],"version-history":[{"count":3,"href":"https:\/\/www.mancomunidaddetentudia.com\/portal\/wp-json\/wp\/v2\/pages\/11330\/revisions"}],"predecessor-version":[{"id":12525,"href":"https:\/\/www.mancomunidaddetentudia.com\/portal\/wp-json\/wp\/v2\/pages\/11330\/revisions\/12525"}],"wp:attachment":[{"href":"https:\/\/www.mancomunidaddetentudia.com\/portal\/wp-json\/wp\/v2\/media?parent=11330"}],"curies":[{"name":"wp","href":"https:\/\/api.w.org\/{rel}","templated":true}]}}