{"id":11336,"date":"2020-07-13T09:07:28","date_gmt":"2020-07-13T08:07:28","guid":{"rendered":"http:\/\/www.mancomunidaddetentudia.com\/portal\/?page_id=11336"},"modified":"2023-09-14T09:17:51","modified_gmt":"2023-09-14T08:17:51","slug":"localizacion-y-contacto-4","status":"publish","type":"page","link":"https:\/\/www.mancomunidaddetentudia.com\/portal\/localizacion-y-contacto-4\/","title":{"rendered":"LOCALIZACI\u00d3N Y CONTACTO"},"content":{"rendered":"\n<p><strong>\u00bfD\u00f3nde estamos?<\/strong><\/p>\n\n\n\n<p>Ronda de Segura de Le\u00f3n, 7 (Monesterio)<\/p>\n\n\n\n<p>924 516 108 &#8211; 679 466 311<\/p>\n\n\n\n<p>familia.tentudia@salud-juntaex.es<\/p>\n\n\n\n<p><\/p>\n\n\n\n<p><strong>Equipo t\u00e9cnico<\/strong><\/p>\n\n\n\n<ul class=\"wp-block-list\"><li>Marta Romero Santos (Educadora Social)<\/li><li>Sara Garc\u00eda L\u00f3pez (Psic\u00f3loga)<\/li><\/ul>\n","protected":false},"excerpt":{"rendered":"<p>\u00bfD\u00f3nde estamos? Ronda de Segura de Le\u00f3n, 7 (Monesterio) 924 516 108 &#8211; 679 466 311 familia.tentudia@salud-juntaex.es Equipo t\u00e9cnico Marta Romero Santos (Educadora Social) Sara Garc\u00eda L\u00f3pez (Psic\u00f3loga)<\/p>\n","protected":false},"author":23,"featured_media":0,"parent":0,"menu_order":0,"comment_status":"closed","ping_status":"closed","template":"","meta":{"footnotes":""},"class_list":["post-11336","page","type-page","status-publish"],"_links":{"self":[{"href":"https:\/\/www.mancomunidaddetentudia.com\/portal\/wp-json\/wp\/v2\/pages\/11336","targetHints":{"allow":["GET"]}}],"collection":[{"href":"https:\/\/www.mancomunidaddetentudia.com\/portal\/wp-json\/wp\/v2\/pages"}],"about":[{"href":"https:\/\/www.mancomunidaddetentudia.com\/portal\/wp-json\/wp\/v2\/types\/page"}],"author":[{"embeddable":true,"href":"https:\/\/www.mancomunidaddetentudia.com\/portal\/wp-json\/wp\/v2\/users\/23"}],"replies":[{"embeddable":true,"href":"https:\/\/www.mancomunidaddetentudia.com\/portal\/wp-json\/wp\/v2\/comments?post=11336"}],"version-history":[{"count":2,"href":"https:\/\/www.mancomunidaddetentudia.com\/portal\/wp-json\/wp\/v2\/pages\/11336\/revisions"}],"predecessor-version":[{"id":12509,"href":"https:\/\/www.mancomunidaddetentudia.com\/portal\/wp-json\/wp\/v2\/pages\/11336\/revisions\/12509"}],"wp:attachment":[{"href":"https:\/\/www.mancomunidaddetentudia.com\/portal\/wp-json\/wp\/v2\/media?parent=11336"}],"curies":[{"name":"wp","href":"https:\/\/api.w.org\/{rel}","templated":true}]}}