{"id":12531,"date":"2023-09-14T12:42:43","date_gmt":"2023-09-14T11:42:43","guid":{"rendered":"http:\/\/www.mancomunidaddetentudia.com\/portal\/?page_id=12531"},"modified":"2024-03-20T12:37:36","modified_gmt":"2024-03-20T11:37:36","slug":"que-hacemos","status":"publish","type":"page","link":"https:\/\/www.mancomunidaddetentudia.com\/portal\/que-hacemos\/","title":{"rendered":"\u00bfQU\u00c9 HACEMOS?"},"content":{"rendered":"\n<p>Nuestro objetivo es promover un enfoque m\u00e1s sostenible y eficiente en la recogida y gesti\u00f3n de residuos, contribuyendo a la construcci\u00f3n de un futuro m\u00e1s limpio.<\/p>\n\n\n\n<p>El sistema de recogida&nbsp;Puerta a Puerta, permite:<\/p>\n\n\n\n<ul class=\"wp-block-list\">\n<li>Separar la mayor cantidad de materiales<\/li>\n\n\n\n<li>Aumentar la participaci\u00f3n en el reciclaje<\/li>\n\n\n\n<li>Facilitar la separaci\u00f3n en origen con campa\u00f1as informativas y folletos<\/li>\n\n\n\n<li>Conseguir un municipio m\u00e1s limpio<\/li>\n\n\n\n<li>Concienciar<\/li>\n<\/ul>\n\n\n\n<figure class=\"wp-block-image size-large\"><img loading=\"lazy\" decoding=\"async\" width=\"1024\" height=\"768\" src=\"https:\/\/www.mancomunidaddetentudia.com\/portal\/wp-content\/uploads\/2024\/03\/5-cubos-1024x768.png\" alt=\"\" class=\"wp-image-12695\" srcset=\"https:\/\/www.mancomunidaddetentudia.com\/portal\/wp-content\/uploads\/2024\/03\/5-cubos-1024x768.png 1024w, https:\/\/www.mancomunidaddetentudia.com\/portal\/wp-content\/uploads\/2024\/03\/5-cubos-300x225.png 300w, https:\/\/www.mancomunidaddetentudia.com\/portal\/wp-content\/uploads\/2024\/03\/5-cubos-768x576.png 768w, https:\/\/www.mancomunidaddetentudia.com\/portal\/wp-content\/uploads\/2024\/03\/5-cubos-1536x1152.png 1536w, https:\/\/www.mancomunidaddetentudia.com\/portal\/wp-content\/uploads\/2024\/03\/5-cubos-80x60.png 80w, https:\/\/www.mancomunidaddetentudia.com\/portal\/wp-content\/uploads\/2024\/03\/5-cubos-265x198.png 265w, https:\/\/www.mancomunidaddetentudia.com\/portal\/wp-content\/uploads\/2024\/03\/5-cubos-696x522.png 696w, https:\/\/www.mancomunidaddetentudia.com\/portal\/wp-content\/uploads\/2024\/03\/5-cubos-1068x801.png 1068w, https:\/\/www.mancomunidaddetentudia.com\/portal\/wp-content\/uploads\/2024\/03\/5-cubos-560x420.png 560w, https:\/\/www.mancomunidaddetentudia.com\/portal\/wp-content\/uploads\/2024\/03\/5-cubos.png 1600w\" sizes=\"auto, (max-width: 1024px) 100vw, 1024px\" \/><\/figure>\n\n\n\n<figure class=\"wp-block-image size-full\"><img loading=\"lazy\" decoding=\"async\" width=\"832\" height=\"593\" src=\"https:\/\/www.mancomunidaddetentudia.com\/portal\/wp-content\/uploads\/2024\/03\/Calendario-Viviendas.jpg\" alt=\"\" class=\"wp-image-12697\" srcset=\"https:\/\/www.mancomunidaddetentudia.com\/portal\/wp-content\/uploads\/2024\/03\/Calendario-Viviendas.jpg 832w, https:\/\/www.mancomunidaddetentudia.com\/portal\/wp-content\/uploads\/2024\/03\/Calendario-Viviendas-300x214.jpg 300w, https:\/\/www.mancomunidaddetentudia.com\/portal\/wp-content\/uploads\/2024\/03\/Calendario-Viviendas-768x547.jpg 768w, https:\/\/www.mancomunidaddetentudia.com\/portal\/wp-content\/uploads\/2024\/03\/Calendario-Viviendas-100x70.jpg 100w, https:\/\/www.mancomunidaddetentudia.com\/portal\/wp-content\/uploads\/2024\/03\/Calendario-Viviendas-696x496.jpg 696w, https:\/\/www.mancomunidaddetentudia.com\/portal\/wp-content\/uploads\/2024\/03\/Calendario-Viviendas-589x420.jpg 589w\" sizes=\"auto, (max-width: 832px) 100vw, 832px\" \/><\/figure>\n","protected":false},"excerpt":{"rendered":"<p>Nuestro objetivo es promover un enfoque m\u00e1s sostenible y eficiente en la recogida y gesti\u00f3n de residuos, contribuyendo a la construcci\u00f3n de un futuro m\u00e1s limpio. El sistema de recogida&nbsp;Puerta a Puerta, permite:<\/p>\n","protected":false},"author":23,"featured_media":0,"parent":0,"menu_order":0,"comment_status":"closed","ping_status":"closed","template":"","meta":{"footnotes":""},"class_list":["post-12531","page","type-page","status-publish"],"_links":{"self":[{"href":"https:\/\/www.mancomunidaddetentudia.com\/portal\/wp-json\/wp\/v2\/pages\/12531","targetHints":{"allow":["GET"]}}],"collection":[{"href":"https:\/\/www.mancomunidaddetentudia.com\/portal\/wp-json\/wp\/v2\/pages"}],"about":[{"href":"https:\/\/www.mancomunidaddetentudia.com\/portal\/wp-json\/wp\/v2\/types\/page"}],"author":[{"embeddable":true,"href":"https:\/\/www.mancomunidaddetentudia.com\/portal\/wp-json\/wp\/v2\/users\/23"}],"replies":[{"embeddable":true,"href":"https:\/\/www.mancomunidaddetentudia.com\/portal\/wp-json\/wp\/v2\/comments?post=12531"}],"version-history":[{"count":3,"href":"https:\/\/www.mancomunidaddetentudia.com\/portal\/wp-json\/wp\/v2\/pages\/12531\/revisions"}],"predecessor-version":[{"id":12698,"href":"https:\/\/www.mancomunidaddetentudia.com\/portal\/wp-json\/wp\/v2\/pages\/12531\/revisions\/12698"}],"wp:attachment":[{"href":"https:\/\/www.mancomunidaddetentudia.com\/portal\/wp-json\/wp\/v2\/media?parent=12531"}],"curies":[{"name":"wp","href":"https:\/\/api.w.org\/{rel}","templated":true}]}}