{"id":9917,"date":"2018-01-23T12:25:41","date_gmt":"2018-01-23T11:25:41","guid":{"rendered":"http:\/\/www.mancomunidaddetentudia.com\/portal\/?page_id=9917"},"modified":"2021-01-13T12:02:56","modified_gmt":"2021-01-13T11:02:56","slug":"localizacion-y-contacto-2","status":"publish","type":"page","link":"https:\/\/www.mancomunidaddetentudia.com\/portal\/localizacion-y-contacto-2\/","title":{"rendered":"Localizaci\u00f3n y Contacto"},"content":{"rendered":"<p><iframe loading=\"lazy\" src=\"https:\/\/www.google.com\/maps\/embed?pb=!1m14!1m8!1m3!1d12561.094322295054!2d-6.2787475!3d38.0872953!3m2!1i1024!2i768!4f13.1!3m3!1m2!1s0x0%3A0x5f4351b4bb490894!2sMancomunidad+de+Tentud%C3%ADa!5e0!3m2!1ses!2ses!4v1516703730694\" allowfullscreen=\"allowfullscreen\" width=\"600\" height=\"450\" frameborder=\"0\"><\/iframe><\/p>\n<p><strong>CENTRO MANCOMUNADO DE CONSUMO DE TENTUD\u00cdA<\/strong><\/p>\n<p>Tel: 924 51 61 08&nbsp;&nbsp;&nbsp;&nbsp; Fax: 924 51 61 18<\/p>\n<p>Formaci\u00f3n:&nbsp; <a href=\"mailto:rocio.gallego@salud-juntaex.es\">rocio.gallegog@salud-juntaex.es<\/a><\/p>\n<p>Asesor\u00eda jur\u00eddica:<a href=\"mailto:gloria.granado@juntaex.es\"> gloria.granado@salud-juntaex.es<\/a><\/p>\n<p>Web: <a href=\"http:\/\/www.masamano.com\/doc\/localizacion_y_contacto_oficinas_consorcio.pdf\">https:\/\/saludextremadura.ses.es\/masamano\/masamano\/#Pag3SeccOfiCer<\/a><\/p>\n<p>Horario de atenci\u00f3n al consumidor: Lunes-Viernes de 9&#8217;00 a 14&#8217;00 horas.<\/p>\n","protected":false},"excerpt":{"rendered":"<p>CENTRO MANCOMUNADO DE CONSUMO DE TENTUD\u00cdA Tel: 924 51 61 08&nbsp;&nbsp;&nbsp;&nbsp; Fax: 924 51 61 18 Formaci\u00f3n:&nbsp; rocio.gallegog@salud-juntaex.es Asesor\u00eda jur\u00eddica: gloria.granado@salud-juntaex.es Web: https:\/\/saludextremadura.ses.es\/masamano\/masamano\/#Pag3SeccOfiCer Horario de atenci\u00f3n al consumidor: Lunes-Viernes de 9&#8217;00 a 14&#8217;00 horas.<\/p>\n","protected":false},"author":1,"featured_media":0,"parent":0,"menu_order":0,"comment_status":"closed","ping_status":"closed","template":"","meta":{"footnotes":""},"class_list":["post-9917","page","type-page","status-publish"],"_links":{"self":[{"href":"https:\/\/www.mancomunidaddetentudia.com\/portal\/wp-json\/wp\/v2\/pages\/9917","targetHints":{"allow":["GET"]}}],"collection":[{"href":"https:\/\/www.mancomunidaddetentudia.com\/portal\/wp-json\/wp\/v2\/pages"}],"about":[{"href":"https:\/\/www.mancomunidaddetentudia.com\/portal\/wp-json\/wp\/v2\/types\/page"}],"author":[{"embeddable":true,"href":"https:\/\/www.mancomunidaddetentudia.com\/portal\/wp-json\/wp\/v2\/users\/1"}],"replies":[{"embeddable":true,"href":"https:\/\/www.mancomunidaddetentudia.com\/portal\/wp-json\/wp\/v2\/comments?post=9917"}],"version-history":[{"count":12,"href":"https:\/\/www.mancomunidaddetentudia.com\/portal\/wp-json\/wp\/v2\/pages\/9917\/revisions"}],"predecessor-version":[{"id":11466,"href":"https:\/\/www.mancomunidaddetentudia.com\/portal\/wp-json\/wp\/v2\/pages\/9917\/revisions\/11466"}],"wp:attachment":[{"href":"https:\/\/www.mancomunidaddetentudia.com\/portal\/wp-json\/wp\/v2\/media?parent=9917"}],"curies":[{"name":"wp","href":"https:\/\/api.w.org\/{rel}","templated":true}]}}