{"id":9927,"date":"2018-01-23T12:31:32","date_gmt":"2018-01-23T11:31:32","guid":{"rendered":"http:\/\/www.mancomunidaddetentudia.com\/portal\/?page_id=9927"},"modified":"2024-03-14T14:48:17","modified_gmt":"2024-03-14T13:48:17","slug":"que-somos-i","status":"publish","type":"page","link":"https:\/\/www.mancomunidaddetentudia.com\/portal\/que-somos-i\/","title":{"rendered":"\u00bfQu\u00e9 somos ?"},"content":{"rendered":"<p>Un servicio cercano, fruto de un convenio entre la Mancomunidad y el Instituto de la Mujer de Extremadura (IMEX) para acercar las acciones en materia de igualdad y violencia de g\u00e9nero a la comarca de Tentud\u00eda.<\/p>\n<p>\u00bfCU\u00c1LES SON NUESTROS OBJETIVOS B\u00c1SICOS?<\/p>\n<p>-Promover acciones de todo tipo que supongan un avance en la igualdad real y efectiva entre mujeres y hombres en todos los \u00e1mbitos: personal, profesional y social. Esto supone actuar desde enfoques muy diversos, que abarcan la educaci\u00f3n, formaci\u00f3n, concienciaci\u00f3n, denuncia de situaciones de discriminaci\u00f3n, apoyo efectivo para la eliminaci\u00f3n de barreras de g\u00e9nero (especialmente aquellas invisibles), etc\u00e9tera.<\/p>\n<p>-Prevenir, detectar y combatir cualquier forma de violencia de g\u00e9nero. Para ello se dise\u00f1an intervenciones con un criterio proactivo, en las que debemos implicar a toda la ciudadan\u00eda (es un problema social, no un problema \u2018de mujeres\u2019). Adem\u00e1s, ejercemos un acompa\u00f1amiento a la v\u00edctima en todo el proceso para que nunca se sienta desamparada.<\/p>\n<p>\u00bfC\u00d3MO TRABAJAMOS?<\/p>\n<p>A trav\u00e9s de dos v\u00edas principalmente:<\/p>\n<p>-Atenci\u00f3n individualizada: dirigida a personas usuarias y profesionales. Se les ofrece informaci\u00f3n, asesoramiento y toma de conciencia en todo aquello que conduzca a la igualdad y al empoderamiento de las mujeres en todos los \u00e1mbitos.<\/p>\n<p>As\u00ed mismo, se act\u00faa individualmente en el abordaje de situaciones relacionadas con la violencia de g\u00e9nero.<\/p>\n<p>-Acciones grupales de formaci\u00f3n y sensibilizaci\u00f3n (talleres, charlas, cursos o jornadas): \u00a0que lleguen a toda la poblaci\u00f3n, a trav\u00e9s de campa\u00f1as puntuales, sesiones formativas, acciones peri\u00f3dicas de concienciaci\u00f3n y empoderamiento.<\/p>\n<p>\u00bfQU\u00c9 PODEMOS APORTAR?<\/p>\n<p>-Conocimiento de las situaciones y experiencia a la hora de actuar<\/p>\n<p>-Informaci\u00f3n y asesoramiento sobre recursos disponibles.<\/p>\n<p>-Trato experto en un ambiente de absoluta confianza y confidencialidad para exponer cualquier situaci\u00f3n<\/p>\n<p>-Orientaci\u00f3n para la puesta en marcha (dise\u00f1o, elaboraci\u00f3n, ejecuci\u00f3n y evaluaci\u00f3n) de planes de igualdad.<\/p>\n<p>-Apoyo a la hora de detectar situaciones de discriminaci\u00f3n y combatirlas<\/p>\n<p>-Atenci\u00f3n y canalizaci\u00f3n de las demandas (ya sean por cuestiones de discriminaci\u00f3n o de violencia) acompa\u00f1ando a la mujer en su acceso con garant\u00edas a los servicios especializados que tengan que ser movilizados.<\/p>\n<p>-Atenci\u00f3n a las v\u00edctimas y seguimiento de las \u00f3rdenes de protecci\u00f3n<\/p>\n<p>-Coordinaci\u00f3n y ejecuci\u00f3n de cuantas acciones tengan que ver con los objetivos de este servicio.<\/p>\n<p>-Dinamizaci\u00f3n de iniciativas para informaci\u00f3n y formaci\u00f3n de colectivos y asociaciones, tanto en igualdad como en violencia de g\u00e9nero<\/p>\n<p>\u00bfEN QU\u00c9 \u00c1MBITOS ACTUAMOS?<\/p>\n<p>Por el car\u00e1cter transversal de nuestras acciones, toda la sociedad es\u00a0 potencial receptora, de uno u otro modo, de las l\u00edneas de actuaci\u00f3n marcadas, ya sea el \u00e1mbito educativo (formal y no formal), el sanitario, los servicios sociales de base, los agentes sociales, las organizaciones y asociaciones de todo tipo (especialmente las de mujeres), ONGs, administraci\u00f3n local y medios de comunicaci\u00f3n.<\/p>\n<p><strong>EQUIPO T\u00c9CNICO:<\/strong><\/p>\n<ul>\n<li>Gloria Mateos Montero (Agente de Igualdad)<\/li>\n<li>M\u00aa Carmen Claros G\u00f3mez (Agente de Igualdad)<\/li>\n<\/ul>\n<p>\u00a0<\/p>\n\n\n<div data-wp-interactive=\"core\/file\" class=\"wp-block-file\"><object data-wp-bind--hidden=\"!state.hasPdfPreview\" hidden class=\"wp-block-file__embed\" data=\"https:\/\/www.mancomunidaddetentudia.com\/portal\/wp-content\/uploads\/2024\/03\/GUIA-PACTO-DE-ESTADO-1.pdf\" type=\"application\/pdf\" style=\"width:100%;height:600px\" aria-label=\"Incrustado de GUIA-PACTO-DE-ESTADO-1.\"><\/object><a id=\"wp-block-file--media-7549d116-e307-4654-840a-eba73a5cb864\" href=\"https:\/\/www.mancomunidaddetentudia.com\/portal\/wp-content\/uploads\/2024\/03\/GUIA-PACTO-DE-ESTADO-1.pdf\">GUIA-PACTO-DE-ESTADO-1<\/a><a href=\"https:\/\/www.mancomunidaddetentudia.com\/portal\/wp-content\/uploads\/2024\/03\/GUIA-PACTO-DE-ESTADO-1.pdf\" class=\"wp-block-file__button wp-element-button\" download aria-describedby=\"wp-block-file--media-7549d116-e307-4654-840a-eba73a5cb864\">Descarga<\/a><\/div>\n","protected":false},"excerpt":{"rendered":"<p>Un servicio cercano, fruto de un convenio entre la Mancomunidad y el Instituto de la Mujer de Extremadura (IMEX) para acercar las acciones en materia de igualdad y violencia de g\u00e9nero a la comarca de Tentud\u00eda. \u00bfCU\u00c1LES SON NUESTROS OBJETIVOS B\u00c1SICOS? -Promover acciones de todo tipo que supongan un avance en la igualdad real y [&hellip;]<\/p>\n","protected":false},"author":1,"featured_media":0,"parent":0,"menu_order":0,"comment_status":"closed","ping_status":"closed","template":"","meta":{"footnotes":""},"class_list":["post-9927","page","type-page","status-publish"],"_links":{"self":[{"href":"https:\/\/www.mancomunidaddetentudia.com\/portal\/wp-json\/wp\/v2\/pages\/9927","targetHints":{"allow":["GET"]}}],"collection":[{"href":"https:\/\/www.mancomunidaddetentudia.com\/portal\/wp-json\/wp\/v2\/pages"}],"about":[{"href":"https:\/\/www.mancomunidaddetentudia.com\/portal\/wp-json\/wp\/v2\/types\/page"}],"author":[{"embeddable":true,"href":"https:\/\/www.mancomunidaddetentudia.com\/portal\/wp-json\/wp\/v2\/users\/1"}],"replies":[{"embeddable":true,"href":"https:\/\/www.mancomunidaddetentudia.com\/portal\/wp-json\/wp\/v2\/comments?post=9927"}],"version-history":[{"count":11,"href":"https:\/\/www.mancomunidaddetentudia.com\/portal\/wp-json\/wp\/v2\/pages\/9927\/revisions"}],"predecessor-version":[{"id":12683,"href":"https:\/\/www.mancomunidaddetentudia.com\/portal\/wp-json\/wp\/v2\/pages\/9927\/revisions\/12683"}],"wp:attachment":[{"href":"https:\/\/www.mancomunidaddetentudia.com\/portal\/wp-json\/wp\/v2\/media?parent=9927"}],"curies":[{"name":"wp","href":"https:\/\/api.w.org\/{rel}","templated":true}]}}