{"id":9936,"date":"2018-01-23T12:40:15","date_gmt":"2018-01-23T11:40:15","guid":{"rendered":"http:\/\/www.mancomunidaddetentudia.com\/portal\/?page_id=9936"},"modified":"2018-02-01T14:11:36","modified_gmt":"2018-02-01T13:11:36","slug":"ques-es-o","status":"publish","type":"page","link":"https:\/\/www.mancomunidaddetentudia.com\/portal\/ques-es-o\/","title":{"rendered":"\u00bfQu\u00e9 es ?"},"content":{"rendered":"<p>La Oficina de Gesti\u00f3n Urban\u00edstica es un servicio de asesoramiento para el ciudadano y de asistencia a los Ayuntamientos que integran la Mancomunidad en cuestiones de Urbanismo, Territorio, Vivienda y Arquitectura. Todo ello en el marco del convenio suscrito entre la Mancomunidad y la Direcci\u00f3n General de Urbanismo y Ordenaci\u00f3n del Territorio de la Junta de Extremadura.<\/p>\n<ul>\n<li><strong>OBJETIVOS<\/strong><\/li>\n<\/ul>\n<p>Se quiere prestar un asesoramiento directo y especializado en la materia a los Ayuntamientos que integran la Mancomunidad, con el objetivo \u00faltimo de dinamizar de forma sostenible el desarrollo urban\u00edstico y del territorio de los municipios.<\/p>\n<ul>\n<li><strong>BENEFICIARIOS<\/strong><\/li>\n<\/ul>\n<p>Los beneficiarios de este servicio son los Municipios que conforman la Mancomunidad, a trav\u00e9s de sus \u00f3rganos de gobierno, para poder atender as\u00ed las consultas de los ciudadanos y resolver con celeridad y garant\u00edas los expedientes administrativos relacionados con el servicio.<\/p>\n<p>Los ciudadanos pueden encontrar una tramitaci\u00f3n adecuada de sus expedientes, y resolver sus dudas, realizando las consultas necesarias a trav\u00e9s de los Ayuntamientos.<\/p>\n<p><strong>EQUIPO T\u00c9CNICO<\/strong>:<\/p>\n<ul>\n<li>Margarita G\u00f3mez Viera (Arquitecta-Directora)<\/li>\n<li>Daniel Amaya Mart\u00ednez (Arquitecto T\u00e9cnico)<\/li>\n<li>Isabel Carrasco Bay\u00f3n (Asesora Jur\u00eddica)<\/li>\n<li>Miriam Garrote Roque (Administrativa)<\/li>\n<\/ul>\n<p style=\"text-align: center;\"><a href=\"http:\/\/www.mancomunidaddetentudia.com\/portal\/wp-content\/uploads\/2018\/01\/Equipo-OGU.jpg\"><img loading=\"lazy\" decoding=\"async\" class=\"alignnone wp-image-9857 size-medium\" src=\"http:\/\/www.mancomunidaddetentudia.com\/portal\/wp-content\/uploads\/2018\/01\/Equipo-OGU-300x169.jpg\" alt=\"\" width=\"300\" height=\"169\" srcset=\"https:\/\/www.mancomunidaddetentudia.com\/portal\/wp-content\/uploads\/2018\/01\/Equipo-OGU-300x169.jpg 300w, https:\/\/www.mancomunidaddetentudia.com\/portal\/wp-content\/uploads\/2018\/01\/Equipo-OGU-768x432.jpg 768w, https:\/\/www.mancomunidaddetentudia.com\/portal\/wp-content\/uploads\/2018\/01\/Equipo-OGU-696x392.jpg 696w, https:\/\/www.mancomunidaddetentudia.com\/portal\/wp-content\/uploads\/2018\/01\/Equipo-OGU-747x420.jpg 747w, https:\/\/www.mancomunidaddetentudia.com\/portal\/wp-content\/uploads\/2018\/01\/Equipo-OGU.jpg 960w\" sizes=\"auto, (max-width: 300px) 100vw, 300px\" \/><\/a><\/p>\n","protected":false},"excerpt":{"rendered":"<p>La Oficina de Gesti\u00f3n Urban\u00edstica es un servicio de asesoramiento para el ciudadano y de asistencia a los Ayuntamientos que integran la Mancomunidad en cuestiones de Urbanismo, Territorio, Vivienda y Arquitectura. Todo ello en el marco del convenio suscrito entre la Mancomunidad y la Direcci\u00f3n General de Urbanismo y Ordenaci\u00f3n del Territorio de la Junta [&hellip;]<\/p>\n","protected":false},"author":1,"featured_media":0,"parent":0,"menu_order":0,"comment_status":"closed","ping_status":"closed","template":"","meta":{"footnotes":""},"class_list":["post-9936","page","type-page","status-publish"],"_links":{"self":[{"href":"https:\/\/www.mancomunidaddetentudia.com\/portal\/wp-json\/wp\/v2\/pages\/9936","targetHints":{"allow":["GET"]}}],"collection":[{"href":"https:\/\/www.mancomunidaddetentudia.com\/portal\/wp-json\/wp\/v2\/pages"}],"about":[{"href":"https:\/\/www.mancomunidaddetentudia.com\/portal\/wp-json\/wp\/v2\/types\/page"}],"author":[{"embeddable":true,"href":"https:\/\/www.mancomunidaddetentudia.com\/portal\/wp-json\/wp\/v2\/users\/1"}],"replies":[{"embeddable":true,"href":"https:\/\/www.mancomunidaddetentudia.com\/portal\/wp-json\/wp\/v2\/comments?post=9936"}],"version-history":[{"count":3,"href":"https:\/\/www.mancomunidaddetentudia.com\/portal\/wp-json\/wp\/v2\/pages\/9936\/revisions"}],"predecessor-version":[{"id":10113,"href":"https:\/\/www.mancomunidaddetentudia.com\/portal\/wp-json\/wp\/v2\/pages\/9936\/revisions\/10113"}],"wp:attachment":[{"href":"https:\/\/www.mancomunidaddetentudia.com\/portal\/wp-json\/wp\/v2\/media?parent=9936"}],"curies":[{"name":"wp","href":"https:\/\/api.w.org\/{rel}","templated":true}]}}